{"id":161,"date":"2015-12-24T11:30:24","date_gmt":"2015-12-24T10:30:24","guid":{"rendered":"http:\/\/tommasini.microproxy.fr\/construction\/?page_id=161"},"modified":"2016-05-12T13:43:27","modified_gmt":"2016-05-12T12:43:27","slug":"industrie","status":"publish","type":"page","link":"https:\/\/www.groupe-tommasini.com\/construction\/travaux-et-services\/industrie\/","title":{"rendered":"Industrie"},"content":{"rendered":"<p>[vc_row][vc_column][vc_column_text]<style type=\"text\/css\">.easingslider-177 { width: 100%; }.easingslider-177 .easingslider-image { max-height: 400px; max-width: 640px; }.easingslider-177 .easingslider-fade-in, .easingslider-fade-out { -webkit-animation-duration: 400ms; -moz-animation-duration: 400ms; animation-duration: 400ms; }<\/style><script type=\"text\/javascript\">window.EasingSlider177 = {\"width\":640,\"height\":400,\"singleItem\":true,\"items\":1,\"itemsDesktop\":false,\"itemsDesktopSmall\":false,\"itemsTablet\":false,\"itemsTabletSmall\":false,\"itemsMobile\":false,\"responsive\":true,\"lazyLoad\":true,\"autoPlay\":4000,\"slideSpeed\":400,\"navigation\":true,\"navigationText\":[\"\",\"\"],\"pagination\":true,\"autoHeight\":false,\"mouseDrag\":false,\"touchDrag\":false,\"addClassActive\":true,\"transitionStyle\":\"fade\"};<\/script><div data-id=\"177\" class=\"easingslider easingslider-177 easingslider-container easingslider-full-width easingslider-resizing-enabled easingslider-aspect-ratio easingslider-arrows-inside easingslider-pagination-inside easingslider-pagination-bottom-center\"><div class=\"easingslider-slide\"><a href=\"none\" target=\"\"><img src=\"https:\/\/www.groupe-tommasini.com\/construction\/wp-content\/plugins\/easing-slider\/assets\/images\/placeholder-pixel.png\" data-src=\"https:\/\/www.groupe-tommasini.com\/construction\/wp-content\/uploads\/sites\/2\/2015\/12\/MONTARON-2.jpg\" alt=\"\" title=\"Montaron\" class=\"easingslider-image easingslider-lazy\" \/><\/a><\/div><div class=\"easingslider-slide\"><a href=\"none\" target=\"\"><img src=\"https:\/\/www.groupe-tommasini.com\/construction\/wp-content\/plugins\/easing-slider\/assets\/images\/placeholder-pixel.png\" data-src=\"https:\/\/www.groupe-tommasini.com\/construction\/wp-content\/uploads\/sites\/2\/2015\/12\/LEROY-MERLIN.jpg\" alt=\"\" title=\"Plateforme Logistique Multimodale Leroy Merlin\" class=\"easingslider-image easingslider-lazy\" \/><\/a><\/div><div class=\"easingslider-slide\"><a href=\"none\" target=\"\"><img src=\"https:\/\/www.groupe-tommasini.com\/construction\/wp-content\/plugins\/easing-slider\/assets\/images\/placeholder-pixel.png\" data-src=\"https:\/\/www.groupe-tommasini.com\/construction\/wp-content\/uploads\/sites\/2\/2015\/12\/vallourec2.jpg\" alt=\"\" title=\"Vallourec \u00e0 Hautmont\" class=\"easingslider-image easingslider-lazy\" \/><\/a><\/div><div class=\"easingslider-slide\"><a href=\"none\" target=\"\"><img src=\"https:\/\/www.groupe-tommasini.com\/construction\/wp-content\/plugins\/easing-slider\/assets\/images\/placeholder-pixel.png\" data-src=\"https:\/\/www.groupe-tommasini.com\/construction\/wp-content\/uploads\/sites\/2\/2015\/12\/PB190011.jpg\" alt=\"\" title=\"\" class=\"easingslider-image easingslider-lazy\" \/><\/a><\/div><\/div>[\/vc_column_text][\/vc_column][\/vc_row][vc_row][vc_column][vc_separator][\/vc_column][\/vc_row][vc_row row_id=\u00a0\u00bbblocImgBottomTravaux\u00a0\u00bb][vc_column width=\u00a0\u00bb1\/2&Prime;][vc_single_image image=\u00a0\u00bb343&Prime; img_size=\u00a0\u00bbfull\u00a0\u00bb onclick=\u00a0\u00bblink_image\u00a0\u00bb title=\u00a0\u00bbAREVA\u00a0\u00bb][vc_column_text el_class=\u00a0\u00bbtitle-dessous\u00a0\u00bb]<u><b><span style=\"font-family: Arial, Helvetica, sans-serif; font-size: small;\">AREVA JSPM \u00e0 Maubeuge\u00a0<\/span><\/b><\/u><br \/>\n<b><span style=\"font-family: Arial, Helvetica, sans-serif; font-size: small;\">Construction d&rsquo;un centre d&rsquo;essais hydrauliques (3584 M2)<\/span><\/b><\/p>\n<p><strong><span style=\"font-family: Arial, Helvetica, sans-serif; font-size: small;\">G\u00e9nie civil : Fosse 36 x 6 x 8 ht<\/span><\/strong><\/p>\n<p><span style=\"font-family: Arial, Helvetica, sans-serif; font-size: small;\">Ma\u00eetrise d&rsquo;ouvrage :\u00a0AREVA JSPM<br \/>\nMa\u00eetrise d&rsquo;\u0153uvre :\u00a0AUXITEC<br \/>\nMontant du march\u00e9 :\u00a04 M Euros<\/span>[\/vc_column_text][\/vc_column][vc_column width=\u00a0\u00bb1\/2&Prime;][vc_single_image image=\u00a0\u00bb344&Prime; img_size=\u00a0\u00bbfull\u00a0\u00bb onclick=\u00a0\u00bblink_image\u00a0\u00bb title=\u00a0\u00bbLEROY-MERLIN\u00a0\u00bb][vc_column_text el_class=\u00a0\u00bbtitle-dessous\u00a0\u00bb]<u><b><span style=\"font-family: Arial, Helvetica, sans-serif; font-size: small;\">Plateforme logistique multimodale Leroy-Merlin <\/span><\/b><\/u><br \/>\n<b><span style=\"font-family: Arial, Helvetica, sans-serif; font-size: small;\">Communes d&rsquo;H\u00e9nin-Beaumont et Dourges<\/span><\/b><\/p>\n<p><span style=\"font-family: Arial, Helvetica, sans-serif; font-size: small;\">Ma\u00eetrise d&rsquo;ouvrage : SNC Distripole Delta 3<br \/>\nMa\u00eetrise d&rsquo;\u0153uvre : GNAT Ingenierie<br \/>\nGros oeuvre pour un montant de 1,6 M Euros<\/span>[\/vc_column_text][\/vc_column][\/vc_row][vc_row][vc_column][vc_separator][\/vc_column][\/vc_row][vc_row row_id=\u00a0\u00bbblocImgBottomTravaux\u00a0\u00bb][vc_column width=\u00a0\u00bb1\/2&Prime;][vc_column_text el_class=\u00a0\u00bbtitle-dessous\u00a0\u00bb]<u><span style=\"font-family: Arial, Helvetica, sans-serif;\"><b><span style=\"font-size: small;\">NEUHAUSER SA \u00e0 Maubeuge<\/span><\/b><\/span><\/u><br \/>\n<span style=\"font-family: Arial, Helvetica, sans-serif; font-size: small;\"><br \/>\n<b>Construction d&rsquo;un b\u00e2timent industriel de 5000 m2<\/b><br \/>\nMa\u00eetrise d&rsquo;ouvrage : NEUHAUSER SA<br \/>\nMa\u00eetrise d&rsquo;oeuvre : C. WOLFF MARTIN<br \/>\nG.O. pour un montant de 1 M Euros<\/span>[\/vc_column_text][\/vc_column][vc_column width=\u00a0\u00bb1\/2&Prime;][vc_column_text el_class=\u00a0\u00bbtitle-dessous\u00a0\u00bb]<u><span style=\"font-family: Arial, Helvetica, sans-serif;\"><b><span style=\"font-size: small;\">THYSSENKRUPP \u00e0 Jeumont<\/span><\/b><\/span><\/u><br \/>\n<span style=\"font-family: Arial, Helvetica, sans-serif; font-size: small;\"><br \/>\n<b>Extension d&rsquo;un hall industriel pour stockage de bobines<\/b><br \/>\nMa\u00eetrise d&rsquo;ouvrage : THYSSENKRUPP ACIER<br \/>\nMa\u00eetrise d&rsquo;oeuvre : Herv\u00e9 Gilliard<br \/>\nG.O.E. et G\u00e9nie civil pour un montant de 1,4 M Euro<\/span>[\/vc_column_text][\/vc_column][\/vc_row][vc_row][vc_column][vc_separator][\/vc_column][\/vc_row][vc_row][vc_column width=\u00a0\u00bb1\/2&Prime;][vc_column_text]<u><span style=\"font-family: Arial, Helvetica, sans-serif;\"><b><span style=\"font-size: small;\">SANDERS\u00a0\u00e0 Landrecie<\/span><\/b><\/span><\/u><br \/>\n<span style=\"font-family: Arial, Helvetica, sans-serif; font-size: small;\"><br \/>\n<b>Construction de b\u00e2timents industriels\u00a0(900 m2)<\/b><\/span><b> <\/b><\/p>\n<p><span style=\"font-family: Arial, Helvetica, sans-serif; font-size: small;\"><b>G\u00e9nie Civil : Fosse 8x3x6.5 ht<\/b><\/span><\/p>\n<p><span style=\"font-family: Arial, Helvetica, sans-serif; font-size: small;\">Ma\u00eetrise d&rsquo;ouvrage :\u00a0SANDERS NORD<br \/>\nMa\u00eetrise d&rsquo;oeuvre : CYBELLIA<\/span><\/p>\n<p><span style=\"font-family: Arial, Helvetica, sans-serif; font-size: small;\">Montant du march\u00e9\u00a0825000 euros<\/span>[\/vc_column_text][\/vc_column][vc_column width=\u00a0\u00bb1\/2&Prime;][vc_column_text]<u><span style=\"font-family: Arial, Helvetica, sans-serif;\"><b><span style=\"font-size: small;\">CEFIVAL \u00e0 Persan<\/span><\/b><\/span><\/u><br \/>\n<span style=\"font-family: Arial, Helvetica, sans-serif; font-size: small;\"><br \/>\n<b>Construction d&rsquo;un b\u00e2timent industriel\u00a0avec G\u00e9nie civil<\/b><\/span><\/p>\n<p><span style=\"font-family: Arial, Helvetica, sans-serif; font-size: small;\">Ma\u00eetrise d&rsquo;ouvrage :\u00a0CEFIVAL<br \/>\nMa\u00eetrise d&rsquo;oeuvre :\u00a0Herv\u00e9 Gilliard<br \/>\nT.C.E. clos couvert avec G\u00e9nie civil Fosse 10 x 10 x 2,5 ht<\/span><\/p>\n<p>Montant du march\u00e9 1,8 M euros[\/vc_column_text][\/vc_column][\/vc_row][vc_row][vc_column][vc_separator][\/vc_column][\/vc_row][vc_row][vc_column width=\u00a0\u00bb1\/2&Prime;][vc_single_image image=\u00a0\u00bb345&Prime; img_size=\u00a0\u00bbfull\u00a0\u00bb onclick=\u00a0\u00bblink_image\u00a0\u00bb title=\u00a0\u00bbMONTARON\u00a0\u00bb][vc_column_text]<u><span style=\"font-family: Arial, Helvetica, sans-serif;\"><b><span style=\"font-size: small;\">B\u00e2timent MONTARON \u00e0 Maubeuge<\/span><\/b><\/span><\/u><br \/>\n<span style=\"font-family: Arial, Helvetica, sans-serif; font-size: small;\"><br \/>\nConstruction d&rsquo;un b\u00e2timent d&rsquo;entretien des engins<br \/>\nde la Soci\u00e9t\u00e9 Montaron<\/span><\/p>\n<p>Ma\u00eetrise d&rsquo;ouvrage :<br \/>\nSt\u00e9 Colas \u00e0 Boulogne\/Billancourt<br \/>\nMa\u00eetrise d&rsquo;oeuvre : Herv\u00e9 Gilliard \u00e0 Maubeuge<br \/>\nMontant du march\u00e9 : 305 000 euros[\/vc_column_text][\/vc_column][vc_column width=\u00a0\u00bb1\/2&Prime;][vc_single_image image=\u00a0\u00bb346&Prime; img_size=\u00a0\u00bbfull\u00a0\u00bb onclick=\u00a0\u00bblink_image\u00a0\u00bb title=\u00a0\u00bbVALLOUREC\u00a0\u00bb][vc_column_text]<u><span style=\"font-family: Arial, Helvetica, sans-serif;\"><b><span style=\"font-size: small;\">Usine VALLOUREC \u00e0 Hautmont<\/span><\/b><\/span><\/u><br \/>\n<span style=\"font-family: Arial, Helvetica, sans-serif; font-size: small;\"><br \/>\nMa\u00eetrise d&rsquo;ouvrage et ma\u00eetrise d&rsquo;\u0153uvre :<br \/>\nVALLOUREC PRECISION SOUDAGE<\/span><br \/>\nMontant du march\u00e9 : 2,57 M euros en Gros \u0153uvre \u00e9tendu.<\/p>\n<p><strong>R\u00e9alisation de quatre nouveaux b\u00e2timents<\/strong>[\/vc_column_text][\/vc_column][\/vc_row]<\/p>\n","protected":false},"excerpt":{"rendered":"<p>[vc_row][vc_column][vc_column_text][\/vc_column_text][\/vc_column][\/vc_row][vc_row][vc_column][vc_separator][\/vc_column][\/vc_row][vc_row row_id=\u00a0\u00bbblocImgBottomTravaux\u00a0\u00bb][vc_column width=\u00a0\u00bb1\/2&Prime;][vc_single_image image=\u00a0\u00bb343&Prime; img_size=\u00a0\u00bbfull\u00a0\u00bb onclick=\u00a0\u00bblink_image\u00a0\u00bb title=\u00a0\u00bbAREVA\u00a0\u00bb][vc_column_text el_class=\u00a0\u00bbtitle-dessous\u00a0\u00bb]AREVA JSPM \u00e0 Maubeuge\u00a0 Construction d&rsquo;un centre d&rsquo;essais hydrauliques (3584 M2) G\u00e9nie civil : &#8230;<\/p>\n","protected":false},"author":1,"featured_media":874,"parent":11,"menu_order":0,"comment_status":"closed","ping_status":"closed","template":"","meta":{"footnotes":""},"_links":{"self":[{"href":"https:\/\/www.groupe-tommasini.com\/construction\/wp-json\/wp\/v2\/pages\/161"}],"collection":[{"href":"https:\/\/www.groupe-tommasini.com\/construction\/wp-json\/wp\/v2\/pages"}],"about":[{"href":"https:\/\/www.groupe-tommasini.com\/construction\/wp-json\/wp\/v2\/types\/page"}],"author":[{"embeddable":true,"href":"https:\/\/www.groupe-tommasini.com\/construction\/wp-json\/wp\/v2\/users\/1"}],"replies":[{"embeddable":true,"href":"https:\/\/www.groupe-tommasini.com\/construction\/wp-json\/wp\/v2\/comments?post=161"}],"version-history":[{"count":18,"href":"https:\/\/www.groupe-tommasini.com\/construction\/wp-json\/wp\/v2\/pages\/161\/revisions"}],"predecessor-version":[{"id":174,"href":"https:\/\/www.groupe-tommasini.com\/construction\/wp-json\/wp\/v2\/pages\/161\/revisions\/174"}],"up":[{"embeddable":true,"href":"https:\/\/www.groupe-tommasini.com\/construction\/wp-json\/wp\/v2\/pages\/11"}],"wp:featuredmedia":[{"embeddable":true,"href":"https:\/\/www.groupe-tommasini.com\/construction\/wp-json\/wp\/v2\/media\/874"}],"wp:attachment":[{"href":"https:\/\/www.groupe-tommasini.com\/construction\/wp-json\/wp\/v2\/media?parent=161"}],"curies":[{"name":"wp","href":"https:\/\/api.w.org\/{rel}","templated":true}]}}