{"id":163,"date":"2015-12-24T11:30:58","date_gmt":"2015-12-24T10:30:58","guid":{"rendered":"http:\/\/tommasini.microproxy.fr\/construction\/?page_id=163"},"modified":"2016-05-12T14:16:24","modified_gmt":"2016-05-12T13:16:24","slug":"genie-civile","status":"publish","type":"page","link":"https:\/\/www.groupe-tommasini.com\/construction\/travaux-et-services\/genie-civile\/","title":{"rendered":"G\u00e9nie civil"},"content":{"rendered":"<p>[vc_row][vc_column][vc_column_text]<style type=\"text\/css\">.easingslider-179 { width: 100%; }.easingslider-179 .easingslider-image { max-height: 400px; max-width: 640px; }.easingslider-179 .easingslider-fade-in, .easingslider-fade-out { -webkit-animation-duration: 400ms; -moz-animation-duration: 400ms; animation-duration: 400ms; }<\/style><script type=\"text\/javascript\">window.EasingSlider179 = {\"width\":640,\"height\":400,\"singleItem\":true,\"items\":1,\"itemsDesktop\":false,\"itemsDesktopSmall\":false,\"itemsTablet\":false,\"itemsTabletSmall\":false,\"itemsMobile\":false,\"responsive\":true,\"lazyLoad\":true,\"autoPlay\":4000,\"slideSpeed\":400,\"navigation\":true,\"navigationText\":[\"\",\"\"],\"pagination\":true,\"autoHeight\":false,\"mouseDrag\":false,\"touchDrag\":false,\"addClassActive\":true,\"transitionStyle\":\"fade\"};<\/script><div data-id=\"179\" class=\"easingslider easingslider-179 easingslider-container easingslider-full-width easingslider-resizing-enabled easingslider-aspect-ratio easingslider-arrows-inside easingslider-pagination-inside easingslider-pagination-bottom-center\"><div class=\"easingslider-slide\"><a href=\"none\" target=\"\"><img src=\"https:\/\/www.groupe-tommasini.com\/construction\/wp-content\/plugins\/easing-slider\/assets\/images\/placeholder-pixel.png\" data-src=\"https:\/\/www.groupe-tommasini.com\/construction\/wp-content\/uploads\/sites\/2\/2015\/12\/Station-\u00e9puration-Aulnoye-Aymeries.jpg\" alt=\"\" title=\"\" class=\"easingslider-image easingslider-lazy\" \/><\/a><\/div><div class=\"easingslider-slide\"><a href=\"none\" target=\"\"><img src=\"https:\/\/www.groupe-tommasini.com\/construction\/wp-content\/plugins\/easing-slider\/assets\/images\/placeholder-pixel.png\" data-src=\"https:\/\/www.groupe-tommasini.com\/construction\/wp-content\/uploads\/sites\/2\/2015\/12\/SITURV-2.jpg\" alt=\"\" title=\"\" class=\"easingslider-image easingslider-lazy\" \/><\/a><\/div><\/div>[\/vc_column_text][\/vc_column][\/vc_row][vc_row][vc_column][vc_separator][\/vc_column][\/vc_row][vc_row][vc_column width=\u00a0\u00bb1\/2&Prime;][vc_single_image image=\u00a0\u00bb851&Prime; img_size=\u00a0\u00bbfull\u00a0\u00bb][\/vc_column][vc_column width=\u00a0\u00bb1\/2&Prime;][vc_column_text]<\/p>\n<p style=\"text-align: center;\"><u><span style=\"font-family: Arial, Helvetica, sans-serif;\"><b><span style=\"font-size: small;\">CLOVAL \u00e0 Qui\u00e9vrechain<\/span><\/b><\/span><\/u><br \/>\n<span style=\"font-family: Arial, Helvetica, sans-serif; font-size: small;\"><br \/>\n<b>R\u00e9habilitation du b\u00e2timent pour une nouvelle ligne de\u00a0Thermolacage<\/b><br \/>\nMa\u00eetrise d&rsquo;ouvrage : CLOVAL<br \/>\nMa\u00eetrise d&rsquo;oeuvre :\u00a0Ing\u00e9nieurs conseils associ\u00e9s<br \/>\n<strong>G\u00e9nie civil &#8211; <\/strong><\/span><span style=\"font-family: Arial, Helvetica, sans-serif; font-size: small;\">Montant du march\u00e9 1,3 M Euros<\/span><u><b><\/b><\/u><\/p>\n<p>[\/vc_column_text][\/vc_column][\/vc_row][vc_row][vc_column][vc_separator][\/vc_column][\/vc_row][vc_row][vc_column width=\u00a0\u00bb1\/2&Prime;][vc_single_image image=\u00a0\u00bb428&Prime; img_size=\u00a0\u00bbfull\u00a0\u00bb][\/vc_column][vc_column width=\u00a0\u00bb1\/2&Prime;][vc_column_text]<\/p>\n<p style=\"text-align: center;\"><u><span style=\"font-family: Arial, Helvetica, sans-serif;\"><b><span style=\"font-size: small;\">Station d&rsquo;\u00e9puration\u00a0\u00e0 Jeumont<\/span><\/b><\/span><\/u><br \/>\n<span style=\"font-family: Arial, Helvetica, sans-serif; font-size: small;\"><br \/>\n<b>Cr\u00e9ation de trois bassins &#8211; G\u00e9nie Civil<span style=\"font-family: Arial;\"><span style=\"font-size: small;\"><br \/>\n<\/span><span style=\"font-size: small;\">\u00a0R\u00e9habilitation des b\u00e2timents d&rsquo;exploitation &#8211; T.C.E.<\/span><\/span><\/b><br \/>\nMa\u00eetrise d&rsquo;ouvrage :\u00a0AMVS<br \/>\nMa\u00eetrise d&rsquo;oeuvre :\u00a0AMODIAG Environnement<br \/>\n<\/span><span style=\"font-family: Arial, Helvetica, sans-serif; font-size: small;\">Montant du march\u00e9 1,3 M Euros<\/span><u><b><\/b><\/u><\/p>\n<p>[\/vc_column_text][\/vc_column][\/vc_row][vc_row][vc_column][vc_separator][\/vc_column][\/vc_row][vc_row][vc_column width=\u00a0\u00bb1\/3&Prime;][vc_column_text]<\/p>\n<p style=\"text-align: center;\">Henin Beaumont &#8211; MOY PARK<\/p>\n<p style=\"text-align: center;\">Renforcement d&rsquo;appui de poutres en b\u00e9ton<span style=\"font-family: Arial;\"><span style=\"font-size: small;\"><br \/>\n<\/span><span style=\"font-size: small;\"> Ma\u00eetrise d&rsquo;ouvrage : MOY PARK<br \/>\nMontant du march\u00e9\u00a0:\u00a038 400 euros<\/span><\/span><\/p>\n<p>[\/vc_column_text][\/vc_column][vc_column width=\u00a0\u00bb1\/3&Prime;][vc_column_text]<\/p>\n<p style=\"text-align: center;\">Boussois\u00a0&#8211;\u00a0AGC<\/p>\n<p style=\"text-align: center;\">R\u00e9fection du pont rail<span style=\"font-family: Arial;\"><span style=\"font-size: small;\"><br \/>\n<\/span><span style=\"font-size: small;\"> Ma\u00eetrise d&rsquo;ouvrage : AGC<br \/>\nMontant du march\u00e9\u00a0:\u00a034\u00a0726 euros<\/span><\/span><\/p>\n<p>[\/vc_column_text][\/vc_column][vc_column width=\u00a0\u00bb1\/3&Prime;][vc_column_text]<\/p>\n<p style=\"text-align: center;\">Lys-lez-Lannoy\u00a0&#8211; DELPHARM<\/p>\n<p style=\"text-align: center;\">Construction d&rsquo;une unit\u00e9 de production et de conditionnement<span style=\"font-family: Arial;\"><span style=\"font-size: small;\"><br \/>\n<\/span><span style=\"font-size: small;\"> Ma\u00eetrise d&rsquo;ouvrage :\u00a0DELPHARMV<span style=\"font-family: Arial;\"><span style=\"font-size: small;\"><br \/>\n<\/span><span style=\"font-size: small;\"> Ma\u00eetrise d&rsquo;\u0153uvre :\u00a0ELCIMAI Ing\u00e9nierie<\/span><\/span><br \/>\nMontant du march\u00e9\u00a0:\u00a0144 000\u00a0euros<\/span><\/span><\/p>\n<p>[\/vc_column_text][\/vc_column][\/vc_row][vc_row][vc_column][vc_separator][\/vc_column][\/vc_row][vc_row][vc_column width=\u00a0\u00bb1\/2&Prime;][vc_single_image image=\u00a0\u00bb312&Prime; img_size=\u00a0\u00bbfull\u00a0\u00bb][\/vc_column][vc_column width=\u00a0\u00bb1\/2&Prime;][vc_column_text]<\/p>\n<p style=\"text-align: center;\"><u><span style=\"font-family: Arial, Helvetica, sans-serif;\"><b><span style=\"font-size: small;\">B\u00e2timents Techniques des stations de Tramway\u00a0\u00e0 Valenciennes<\/span><\/b><\/span><\/u><br \/>\n<span style=\"font-family: Arial, Helvetica, sans-serif; font-size: small;\"><br \/>\n<b>Ligne 2 &#8211; 3\u00e8me phase &#8211; G.O.E.<\/b><\/span><span style=\"font-family: Arial, Helvetica, sans-serif; font-size: small;\"><br \/>\nMa\u00eetrise d&rsquo;ouvrage :\u00a0SITURV<br \/>\nMa\u00eetrise d&rsquo;oeuvre :\u00a0INGEROP<br \/>\nMontant du march\u00e9 :\u00a01,2 M\u00a0Euros<\/span><\/p>\n<p>[\/vc_column_text][\/vc_column][\/vc_row][vc_row][vc_column][vc_separator][\/vc_column][\/vc_row][vc_row row_id=\u00a0\u00bbblocImgBottomTravaux\u00a0\u00bb][vc_column width=\u00a0\u00bb1\/2&Prime;][vc_column_text]<\/p>\n<p style=\"text-align: center;\"><u><span style=\"font-family: Arial, Helvetica, sans-serif;\"><b><span style=\"font-size: small;\">CEFIVAL \u00e0 Persan<\/span><\/b><\/span><\/u><br \/>\n<span style=\"font-family: Arial, Helvetica, sans-serif; font-size: small;\"><br \/>\n<b>Construction d&rsquo;un b\u00e2timent industriel avec G\u00e9nie civil<\/b><br \/>\nMa\u00eetrise d&rsquo;ouvrage : CEFIVAL<br \/>\nMa\u00eetrise d&rsquo;oeuvre : Herv\u00e9 Gilliard<br \/>\nT.C.E. clos couvert avec <strong>G\u00e9nie civil fosse 10 x 10 x 2,5 ht<\/strong><\/span><\/p>\n<p style=\"text-align: center;\"><span style=\"font-family: Arial, Helvetica, sans-serif; font-size: small;\">Montant du march\u00e9 1,8 M Euros<\/span><u><b><\/b><\/u><\/p>\n<p>[\/vc_column_text][\/vc_column][vc_column width=\u00a0\u00bb1\/2&Prime;][vc_column_text]<\/p>\n<p style=\"text-align: center;\"><u><span style=\"font-family: Arial, Helvetica, sans-serif;\"><b><span style=\"font-size: small;\">SANDERS \u00e0 Landrecie<\/span><\/b><\/span><\/u><br \/>\n<span style=\"font-family: Arial, Helvetica, sans-serif; font-size: small;\"><br \/>\n<b>Construction de b\u00e2timents industriels (900 m2)<\/b><\/span><\/p>\n<p style=\"text-align: center;\"><b> <\/b><span style=\"font-family: Arial, Helvetica, sans-serif; font-size: small;\"><b>G\u00e9nie civil : Fosse 8 x 3 x 6,5 ht<\/b><br \/>\nMa\u00eetrise d&rsquo;ouvrage : SANDERS NORD<br \/>\nMa\u00eetrise d&rsquo;oeuvre : CYBELLIA<br \/>\nMontant du march\u00e9 : 825 000 Euros<\/span><\/p>\n<p>[\/vc_column_text][\/vc_column][\/vc_row]<\/p>\n","protected":false},"excerpt":{"rendered":"<p>[vc_row][vc_column][vc_column_text][\/vc_column_text][\/vc_column][\/vc_row][vc_row][vc_column][vc_separator][\/vc_column][\/vc_row][vc_row][vc_column width=\u00a0\u00bb1\/2&Prime;][vc_single_image image=\u00a0\u00bb851&Prime; img_size=\u00a0\u00bbfull\u00a0\u00bb][\/vc_column][vc_column width=\u00a0\u00bb1\/2&Prime;][vc_column_text] CLOVAL \u00e0 Qui\u00e9vrechain R\u00e9habilitation du b\u00e2timent pour une nouvelle ligne de\u00a0Thermolacage Ma\u00eetrise d&rsquo;ouvrage : CLOVAL Ma\u00eetrise &#8230;<\/p>\n","protected":false},"author":1,"featured_media":874,"parent":11,"menu_order":0,"comment_status":"closed","ping_status":"closed","template":"","meta":{"footnotes":""},"_links":{"self":[{"href":"https:\/\/www.groupe-tommasini.com\/construction\/wp-json\/wp\/v2\/pages\/163"}],"collection":[{"href":"https:\/\/www.groupe-tommasini.com\/construction\/wp-json\/wp\/v2\/pages"}],"about":[{"href":"https:\/\/www.groupe-tommasini.com\/construction\/wp-json\/wp\/v2\/types\/page"}],"author":[{"embeddable":true,"href":"https:\/\/www.groupe-tommasini.com\/construction\/wp-json\/wp\/v2\/users\/1"}],"replies":[{"embeddable":true,"href":"https:\/\/www.groupe-tommasini.com\/construction\/wp-json\/wp\/v2\/comments?post=163"}],"version-history":[{"count":17,"href":"https:\/\/www.groupe-tommasini.com\/construction\/wp-json\/wp\/v2\/pages\/163\/revisions"}],"predecessor-version":[{"id":854,"href":"https:\/\/www.groupe-tommasini.com\/construction\/wp-json\/wp\/v2\/pages\/163\/revisions\/854"}],"up":[{"embeddable":true,"href":"https:\/\/www.groupe-tommasini.com\/construction\/wp-json\/wp\/v2\/pages\/11"}],"wp:featuredmedia":[{"embeddable":true,"href":"https:\/\/www.groupe-tommasini.com\/construction\/wp-json\/wp\/v2\/media\/874"}],"wp:attachment":[{"href":"https:\/\/www.groupe-tommasini.com\/construction\/wp-json\/wp\/v2\/media?parent=163"}],"curies":[{"name":"wp","href":"https:\/\/api.w.org\/{rel}","templated":true}]}}