{"id":214,"date":"2015-12-24T13:49:35","date_gmt":"2015-12-24T12:49:35","guid":{"rendered":"http:\/\/tommasini.microproxy.fr\/construction\/?page_id=214"},"modified":"2016-05-13T12:55:52","modified_gmt":"2016-05-13T11:55:52","slug":"metal","status":"publish","type":"page","link":"https:\/\/www.groupe-tommasini.com\/construction\/bardage\/metal\/","title":{"rendered":"M\u00e9tal"},"content":{"rendered":"<p>[vc_row][vc_column][vc_column_text]Tommasini Construction dispose au sein de ses \u00e9quipes, de comp\u00e9tences en Ma\u00e7onnerie et Bardage, ce qui lui permet de r\u00e9aliser en interne l&rsquo;ensemble des ouvrages d&rsquo;une fa\u00e7ade, et ainsi accroitre la qualit\u00e9 de r\u00e9alisation, optimiser les d\u00e9lais de livraison, et \u00e9viter les probl\u00e9matiques d&rsquo;interface entre les lots Gros-\u0152uvre et Bardage.<\/p>\n<p>Les chantiers pr\u00e9sent\u00e9s ci-dessous sont des exemples probants de cette singularit\u00e9.[\/vc_column_text][\/vc_column][\/vc_row][vc_row][vc_column][vc_separator][\/vc_column][\/vc_row][vc_row][vc_column][vc_column_text]<u><b><span style=\"font-family: Arial, Helvetica, sans-serif; font-size: small;\">Coll\u00e8ge Eug\u00e8ne Thomas<\/span><\/b><\/u><br \/>\n<b><span style=\"font-family: Arial; font-size: small;\">LE QUESNOY<br \/>\n<\/span><\/b><span style=\"font-family: Arial;\"><span style=\"font-size: small;\">Ma\u00eetrise d&rsquo;ouvrage : Conseil G\u00e9n\u00e9ral du Nord<br \/>\nMa\u00eetrise d&rsquo;ouvrage : Conseil G\u00e9n\u00e9ral du Nord<br \/>\nEntreprise g\u00e9n\u00e9rale : Groupement SOGEA \/ TOMMASINI<\/span><\/span><\/p>\n<p>R\u00e9alisation de l&rsquo;ensemble des bardages<br \/>\n&#8211; 1800 m\u00b2 de bardage\u00a0ARVAL ST 300 blanc<br \/>\n&#8211;\u00a0200 m\u00b2 de bardage ARVAL ST 300 inox<br \/>\n&#8211; 700 m\u00b2 de sous faces ST 300 blanc et inox<br \/>\n&#8211; 150 m\u00b2 de panneaux FUNDERMAX<br \/>\n&#8211; 450 m\u00b2\u00a0de panneaux ROCKPANEL<br \/>\n&#8211; 2800 m\u00b2 de profils t\u00f4le pli\u00e9e y compris inox[\/vc_column_text][\/vc_column][\/vc_row][vc_row][vc_column width=\u00a0\u00bb1\/2&Prime;][vc_single_image image=\u00a0\u00bb836&Prime; img_size=\u00a0\u00bbfull\u00a0\u00bb][\/vc_column][vc_column width=\u00a0\u00bb1\/2&Prime;][vc_single_image image=\u00a0\u00bb838&Prime; img_size=\u00a0\u00bbfull\u00a0\u00bb][\/vc_column][\/vc_row][vc_row][vc_column][vc_single_image image=\u00a0\u00bb623&Prime; img_size=\u00a0\u00bbfull\u00a0\u00bb][\/vc_column][\/vc_row][vc_row][vc_column][vc_separator][\/vc_column][\/vc_row]<\/p>\n","protected":false},"excerpt":{"rendered":"<p>[vc_row][vc_column][vc_column_text]Tommasini Construction dispose au sein de ses \u00e9quipes, de comp\u00e9tences en Ma\u00e7onnerie et Bardage, ce qui lui permet de r\u00e9aliser en &#8230;<\/p>\n","protected":false},"author":1,"featured_media":862,"parent":15,"menu_order":0,"comment_status":"closed","ping_status":"closed","template":"","meta":{"footnotes":""},"_links":{"self":[{"href":"https:\/\/www.groupe-tommasini.com\/construction\/wp-json\/wp\/v2\/pages\/214"}],"collection":[{"href":"https:\/\/www.groupe-tommasini.com\/construction\/wp-json\/wp\/v2\/pages"}],"about":[{"href":"https:\/\/www.groupe-tommasini.com\/construction\/wp-json\/wp\/v2\/types\/page"}],"author":[{"embeddable":true,"href":"https:\/\/www.groupe-tommasini.com\/construction\/wp-json\/wp\/v2\/users\/1"}],"replies":[{"embeddable":true,"href":"https:\/\/www.groupe-tommasini.com\/construction\/wp-json\/wp\/v2\/comments?post=214"}],"version-history":[{"count":10,"href":"https:\/\/www.groupe-tommasini.com\/construction\/wp-json\/wp\/v2\/pages\/214\/revisions"}],"predecessor-version":[{"id":893,"href":"https:\/\/www.groupe-tommasini.com\/construction\/wp-json\/wp\/v2\/pages\/214\/revisions\/893"}],"up":[{"embeddable":true,"href":"https:\/\/www.groupe-tommasini.com\/construction\/wp-json\/wp\/v2\/pages\/15"}],"wp:featuredmedia":[{"embeddable":true,"href":"https:\/\/www.groupe-tommasini.com\/construction\/wp-json\/wp\/v2\/media\/862"}],"wp:attachment":[{"href":"https:\/\/www.groupe-tommasini.com\/construction\/wp-json\/wp\/v2\/media?parent=214"}],"curies":[{"name":"wp","href":"https:\/\/api.w.org\/{rel}","templated":true}]}}