{"id":115,"date":"2016-01-11T10:56:25","date_gmt":"2016-01-11T09:56:25","guid":{"rendered":"http:\/\/tommasini.microproxy.fr\/dubois-couvertures\/?page_id=115"},"modified":"2016-05-17T07:52:08","modified_gmt":"2016-05-17T06:52:08","slug":"etancheite","status":"publish","type":"page","link":"https:\/\/www.groupe-tommasini.com\/dubois-couvertures\/particuliers\/etancheite\/","title":{"rendered":"\u00c9tanch\u00e9it\u00e9"},"content":{"rendered":"<p>[vc_row][vc_column][vc_column_text]<style type=\"text\/css\">.easingslider-127 { width: 100%; }.easingslider-127 .easingslider-image { max-height: 400px; max-width: 640px; }.easingslider-127 .easingslider-fade-in, .easingslider-fade-out { -webkit-animation-duration: 400ms; -moz-animation-duration: 400ms; animation-duration: 400ms; }<\/style><script type=\"text\/javascript\">window.EasingSlider127 = {\"width\":640,\"height\":400,\"singleItem\":true,\"items\":1,\"itemsDesktop\":false,\"itemsDesktopSmall\":false,\"itemsTablet\":false,\"itemsTabletSmall\":false,\"itemsMobile\":false,\"responsive\":true,\"lazyLoad\":true,\"autoPlay\":4000,\"slideSpeed\":400,\"navigation\":true,\"navigationText\":[\"\",\"\"],\"pagination\":true,\"autoHeight\":false,\"mouseDrag\":false,\"touchDrag\":false,\"addClassActive\":true,\"transitionStyle\":\"fade\"};<\/script><div data-id=\"127\" class=\"easingslider easingslider-127 easingslider-container easingslider-full-width easingslider-resizing-enabled easingslider-aspect-ratio easingslider-arrows-inside easingslider-pagination-inside easingslider-pagination-bottom-center\"><div class=\"easingslider-slide\"><a href=\"none\" target=\"\"><img src=\"https:\/\/www.groupe-tommasini.com\/dubois-couvertures\/wp-content\/plugins\/easing-slider\/assets\/images\/placeholder-pixel.png\" data-src=\"https:\/\/www.groupe-tommasini.com\/dubois-couvertures\/wp-content\/uploads\/sites\/4\/2016\/01\/activites-etanch.jpg\" alt=\"\" title=\"\" class=\"easingslider-image easingslider-lazy\" \/><\/a><\/div><\/div>[\/vc_column_text][vc_column_text]&#8230;[\/vc_column_text][\/vc_column][\/vc_row]<\/p>\n","protected":false},"excerpt":{"rendered":"<p>[vc_row][vc_column][vc_column_text][\/vc_column_text][vc_column_text]&#8230;[\/vc_column_text][\/vc_column][\/vc_row]<\/p>\n","protected":false},"author":1,"featured_media":0,"parent":9,"menu_order":0,"comment_status":"closed","ping_status":"closed","template":"","meta":{"footnotes":""},"_links":{"self":[{"href":"https:\/\/www.groupe-tommasini.com\/dubois-couvertures\/wp-json\/wp\/v2\/pages\/115"}],"collection":[{"href":"https:\/\/www.groupe-tommasini.com\/dubois-couvertures\/wp-json\/wp\/v2\/pages"}],"about":[{"href":"https:\/\/www.groupe-tommasini.com\/dubois-couvertures\/wp-json\/wp\/v2\/types\/page"}],"author":[{"embeddable":true,"href":"https:\/\/www.groupe-tommasini.com\/dubois-couvertures\/wp-json\/wp\/v2\/users\/1"}],"replies":[{"embeddable":true,"href":"https:\/\/www.groupe-tommasini.com\/dubois-couvertures\/wp-json\/wp\/v2\/comments?post=115"}],"version-history":[{"count":4,"href":"https:\/\/www.groupe-tommasini.com\/dubois-couvertures\/wp-json\/wp\/v2\/pages\/115\/revisions"}],"predecessor-version":[{"id":415,"href":"https:\/\/www.groupe-tommasini.com\/dubois-couvertures\/wp-json\/wp\/v2\/pages\/115\/revisions\/415"}],"up":[{"embeddable":true,"href":"https:\/\/www.groupe-tommasini.com\/dubois-couvertures\/wp-json\/wp\/v2\/pages\/9"}],"wp:attachment":[{"href":"https:\/\/www.groupe-tommasini.com\/dubois-couvertures\/wp-json\/wp\/v2\/media?parent=115"}],"curies":[{"name":"wp","href":"https:\/\/api.w.org\/{rel}","templated":true}]}}