{"id":152,"date":"2016-01-11T14:59:19","date_gmt":"2016-01-11T13:59:19","guid":{"rendered":"http:\/\/tommasini.microproxy.fr\/dubois-couvertures\/?page_id=152"},"modified":"2016-03-31T13:18:44","modified_gmt":"2016-03-31T12:18:44","slug":"couverture","status":"publish","type":"page","link":"https:\/\/www.groupe-tommasini.com\/dubois-couvertures\/donneurs-dordres-professionnels\/couverture\/","title":{"rendered":"Couverture"},"content":{"rendered":"<p>[vc_row][vc_column][vc_column_text]Couverture + bardage zinc naturel \u00e0 joints debouts<\/p>\n<p>Chantier : 43 Logts \u00e0 TOURCOING<\/p>\n<p>Montant du march\u00e9 : 179 000 euros<\/p>\n<p>Maitre d&rsquo;ouvrage: SRCJ<\/p>\n<p>Maitre d&rsquo;oeuvre: AEXECOT[\/vc_column_text][\/vc_column][\/vc_row][vc_row][vc_column width=\u00a0\u00bb1\/3&Prime;][vc_single_image image=\u00a0\u00bb344&Prime; img_size=\u00a0\u00bbmedium\u00a0\u00bb onclick=\u00a0\u00bblink_image\u00a0\u00bb][\/vc_column][vc_column width=\u00a0\u00bb1\/3&Prime;][vc_single_image image=\u00a0\u00bb345&Prime; img_size=\u00a0\u00bbmedium\u00a0\u00bb onclick=\u00a0\u00bblink_image\u00a0\u00bb][\/vc_column][vc_column width=\u00a0\u00bb1\/3&Prime;][vc_single_image image=\u00a0\u00bb346&Prime; img_size=\u00a0\u00bbmedium\u00a0\u00bb onclick=\u00a0\u00bblink_image\u00a0\u00bb][\/vc_column][\/vc_row][vc_row][vc_column][vc_column_text]Couverture tuiles terre cuite grand moule<\/p>\n<p>Chantier : Construction de 50 Logts \u00e0 MOUVAUX<\/p>\n<p>Montant : 143 500 euros<\/p>\n<p>Maitre d&rsquo;ouvrage : NOTRE LOGIS<\/p>\n<p>Maitre d&rsquo;oeuvre : LAN ARCHITECTES[\/vc_column_text][\/vc_column][\/vc_row][vc_row][vc_column width=\u00a0\u00bb1\/3&Prime;][vc_single_image image=\u00a0\u00bb348&Prime; img_size=\u00a0\u00bbmedium\u00a0\u00bb onclick=\u00a0\u00bblink_image\u00a0\u00bb][\/vc_column][vc_column width=\u00a0\u00bb1\/3&Prime;][vc_single_image image=\u00a0\u00bb349&Prime; img_size=\u00a0\u00bbmedium\u00a0\u00bb onclick=\u00a0\u00bblink_image\u00a0\u00bb][\/vc_column][vc_column width=\u00a0\u00bb1\/3&Prime;][vc_single_image image=\u00a0\u00bb350&Prime; img_size=\u00a0\u00bbmedium\u00a0\u00bb onclick=\u00a0\u00bblink_image\u00a0\u00bb][\/vc_column][\/vc_row][vc_row][vc_column][vc_column_text]Couverture tuiles terre cuite grand moule<\/p>\n<p>Chantier\u00a0: Construction de 32 Logts \u00e0 ANNAY SOUS LENS<\/p>\n<p>Montant du march\u00e9\u00a0: 147 000 euros<\/p>\n<p>Maitre d&rsquo;ouvrage: MAISONS ET CITES<\/p>\n<p>Maitre d&rsquo;oeuvre: TOTH WALLYN SEZILLE[\/vc_column_text][\/vc_column][\/vc_row][vc_row][vc_column width=\u00a0\u00bb1\/3&Prime;][vc_single_image image=\u00a0\u00bb366&Prime; img_size=\u00a0\u00bbmedium\u00a0\u00bb onclick=\u00a0\u00bblink_image\u00a0\u00bb][\/vc_column][vc_column width=\u00a0\u00bb1\/3&Prime;][vc_single_image image=\u00a0\u00bb368&Prime; img_size=\u00a0\u00bbmedium\u00a0\u00bb onclick=\u00a0\u00bblink_image\u00a0\u00bb][\/vc_column][vc_column width=\u00a0\u00bb1\/3&Prime;][vc_single_image image=\u00a0\u00bb367&Prime; img_size=\u00a0\u00bbmedium\u00a0\u00bb onclick=\u00a0\u00bblink_image\u00a0\u00bb][\/vc_column][\/vc_row][vc_row][vc_column][vc_column_text]Couverture tuiles terre cuite grand moule<\/p>\n<p>Chantier: Construction de 66 Logts \u00e0 Saint Martin Lez Boulogne<\/p>\n<p>Montant du march\u00e9 : 200 000 euros<\/p>\n<p>Maitre d&rsquo;ouvrage : SCI MONTIN &#8211; RAMERY<\/p>\n<p>Maitre d&rsquo;oeuvre : ARCHIFIX[\/vc_column_text][\/vc_column][\/vc_row][vc_row][vc_column width=\u00a0\u00bb1\/3&Prime;][vc_single_image image=\u00a0\u00bb373&Prime; img_size=\u00a0\u00bbmedium\u00a0\u00bb onclick=\u00a0\u00bblink_image\u00a0\u00bb][\/vc_column][vc_column width=\u00a0\u00bb1\/3&Prime;][vc_single_image image=\u00a0\u00bb371&Prime; img_size=\u00a0\u00bbmedium\u00a0\u00bb onclick=\u00a0\u00bblink_image\u00a0\u00bb][\/vc_column][vc_column width=\u00a0\u00bb1\/3&Prime;][vc_single_image image=\u00a0\u00bb372&Prime; img_size=\u00a0\u00bbmedium\u00a0\u00bb onclick=\u00a0\u00bblink_image\u00a0\u00bb][\/vc_column][\/vc_row][vc_row][vc_column][vc_column_text]Couverture zinc quartz VM \u00a0joint debout<\/p>\n<p>Chantier\u00a0: R\u00e9novation des couvertures du Palais Rihour \u00e0 LILLE<\/p>\n<p>Montant du march\u00e9\u00a0: 129 000 euros<\/p>\n<p>Maitre d&rsquo;ouvrage : LA MACIF &#8211; EIFFAGE<\/p>\n<p>Maitre d&rsquo;oeuvre: Agence MAES[\/vc_column_text][\/vc_column][\/vc_row][vc_row][vc_column width=\u00a0\u00bb1\/3&Prime;][vc_single_image image=\u00a0\u00bb378&Prime; img_size=\u00a0\u00bbmedium\u00a0\u00bb onclick=\u00a0\u00bblink_image\u00a0\u00bb][\/vc_column][vc_column width=\u00a0\u00bb1\/3&Prime;][vc_single_image image=\u00a0\u00bb377&Prime; img_size=\u00a0\u00bbmedium\u00a0\u00bb onclick=\u00a0\u00bblink_image\u00a0\u00bb][\/vc_column][vc_column width=\u00a0\u00bb1\/3&Prime;][vc_single_image image=\u00a0\u00bb376&Prime; img_size=\u00a0\u00bbmedium\u00a0\u00bb onclick=\u00a0\u00bblink_image\u00a0\u00bb][\/vc_column][\/vc_row][vc_row][vc_column][vc_column_text]Couverture m\u00e9tallique Stylinov<\/p>\n<p>Chantier : Construction de 47 Logts \u00e0 TOURCOING<\/p>\n<p>Montant : 128 000 euros<\/p>\n<p>Maitre d&rsquo;ouvrage : VILOGIA<\/p>\n<p>Maitre d&rsquo;oeuvre : Agence TELLIER VERNEY[\/vc_column_text][\/vc_column][\/vc_row][vc_row][vc_column width=\u00a0\u00bb1\/3&Prime;][vc_single_image image=\u00a0\u00bb399&Prime; img_size=\u00a0\u00bbmedium\u00a0\u00bb onclick=\u00a0\u00bblink_image\u00a0\u00bb][\/vc_column][vc_column width=\u00a0\u00bb1\/3&Prime;][vc_single_image image=\u00a0\u00bb401&Prime; img_size=\u00a0\u00bbmedium\u00a0\u00bb onclick=\u00a0\u00bblink_image\u00a0\u00bb][\/vc_column][vc_column width=\u00a0\u00bb1\/3&Prime;][vc_single_image image=\u00a0\u00bb400&Prime; img_size=\u00a0\u00bbmedium\u00a0\u00bb onclick=\u00a0\u00bblink_image\u00a0\u00bb][\/vc_column][\/vc_row][vc_row][vc_column][vc_column_text]Couverture + bardage ardoise Eternit 45&#215;30<\/p>\n<p>Chantier : R\u00e9novation des couvertures de la R\u00e9sidence Notre Dame \u00e0 Armenti\u00e8res<\/p>\n<p>Montant : 1 266 000 euros<\/p>\n<p>Maitre d&rsquo;ouvrage : \u00a0syndic EQUIT IMMOBILIER<\/p>\n<p>Maitre d&rsquo;\u0153uvre : Damien Van Massenhove[\/vc_column_text][\/vc_column][\/vc_row][vc_row][vc_column width=\u00a0\u00bb1\/2&Prime;][vc_single_image image=\u00a0\u00bb405&Prime; img_size=\u00a0\u00bblarge\u00a0\u00bb onclick=\u00a0\u00bblink_image\u00a0\u00bb][\/vc_column][vc_column width=\u00a0\u00bb1\/2&Prime;][vc_single_image image=\u00a0\u00bb404&Prime; img_size=\u00a0\u00bblarge\u00a0\u00bb onclick=\u00a0\u00bblink_image\u00a0\u00bb][\/vc_column][\/vc_row][vc_row][vc_column width=\u00a0\u00bb1\/2&Prime;][vc_single_image image=\u00a0\u00bb403&Prime; img_size=\u00a0\u00bbfull\u00a0\u00bb onclick=\u00a0\u00bblink_image\u00a0\u00bb][\/vc_column][vc_column width=\u00a0\u00bb1\/2&Prime;][vc_single_image image=\u00a0\u00bb406&Prime; img_size=\u00a0\u00bbfull\u00a0\u00bb onclick=\u00a0\u00bblink_image\u00a0\u00bb][\/vc_column][\/vc_row]<\/p>\n","protected":false},"excerpt":{"rendered":"<p>[vc_row][vc_column][vc_column_text]Couverture + bardage zinc naturel \u00e0 joints debouts Chantier : 43 Logts \u00e0 TOURCOING Montant du march\u00e9 : 179 000 euros &#8230;<\/p>\n","protected":false},"author":1,"featured_media":0,"parent":13,"menu_order":0,"comment_status":"closed","ping_status":"closed","template":"","meta":{"footnotes":""},"_links":{"self":[{"href":"https:\/\/www.groupe-tommasini.com\/dubois-couvertures\/wp-json\/wp\/v2\/pages\/152"}],"collection":[{"href":"https:\/\/www.groupe-tommasini.com\/dubois-couvertures\/wp-json\/wp\/v2\/pages"}],"about":[{"href":"https:\/\/www.groupe-tommasini.com\/dubois-couvertures\/wp-json\/wp\/v2\/types\/page"}],"author":[{"embeddable":true,"href":"https:\/\/www.groupe-tommasini.com\/dubois-couvertures\/wp-json\/wp\/v2\/users\/1"}],"replies":[{"embeddable":true,"href":"https:\/\/www.groupe-tommasini.com\/dubois-couvertures\/wp-json\/wp\/v2\/comments?post=152"}],"version-history":[{"count":22,"href":"https:\/\/www.groupe-tommasini.com\/dubois-couvertures\/wp-json\/wp\/v2\/pages\/152\/revisions"}],"predecessor-version":[{"id":407,"href":"https:\/\/www.groupe-tommasini.com\/dubois-couvertures\/wp-json\/wp\/v2\/pages\/152\/revisions\/407"}],"up":[{"embeddable":true,"href":"https:\/\/www.groupe-tommasini.com\/dubois-couvertures\/wp-json\/wp\/v2\/pages\/13"}],"wp:attachment":[{"href":"https:\/\/www.groupe-tommasini.com\/dubois-couvertures\/wp-json\/wp\/v2\/media?parent=152"}],"curies":[{"name":"wp","href":"https:\/\/api.w.org\/{rel}","templated":true}]}}