{"id":154,"date":"2016-01-11T15:00:04","date_gmt":"2016-01-11T14:00:04","guid":{"rendered":"http:\/\/tommasini.microproxy.fr\/dubois-couvertures\/?page_id=154"},"modified":"2016-03-31T12:42:49","modified_gmt":"2016-03-31T11:42:49","slug":"etancheite","status":"publish","type":"page","link":"https:\/\/www.groupe-tommasini.com\/dubois-couvertures\/donneurs-dordres-professionnels\/etancheite\/","title":{"rendered":"\u00c9tanch\u00e9it\u00e9"},"content":{"rendered":"<p>[vc_row][vc_column][vc_column_text]Bardage en zinc \u00e0 joint debout coloris anthracite, toiture v\u00e9g\u00e9talis\u00e9 sur les terrasses<\/p>\n<p>Chantier : Ecole maternelle \u00e0 Estaires<\/p>\n<p>Montant :<\/p>\n<p>Maitre d&rsquo;ouvrage :<\/p>\n<p>Maitre d&rsquo;oeuvre :[\/vc_column_text][\/vc_column][\/vc_row][vc_row][vc_column][vc_single_image image=\u00a0\u00bb71&Prime; img_size=\u00a0\u00bbfull\u00a0\u00bb][\/vc_column][\/vc_row][vc_row][vc_column][vc_column_text]R\u00e9fection des terrasses d&rsquo;\u00e9tanch\u00e9it\u00e9s (2500m2)<\/p>\n<p>Chantier : Ateliers Malecot \u00e0 SECLIN<\/p>\n<p>Montant : 335 000 euros<\/p>\n<p>Maitre d&rsquo;ouvrage: ESAT PAPILLONS BLANC SECLIN[\/vc_column_text][\/vc_column][\/vc_row][vc_row][vc_column width=\u00a0\u00bb1\/3&Prime;][vc_single_image image=\u00a0\u00bb353&Prime; img_size=\u00a0\u00bbmedium\u00a0\u00bb onclick=\u00a0\u00bblink_image\u00a0\u00bb][\/vc_column][vc_column width=\u00a0\u00bb1\/3&Prime;][vc_single_image image=\u00a0\u00bb352&Prime; img_size=\u00a0\u00bbmedium\u00a0\u00bb onclick=\u00a0\u00bblink_image\u00a0\u00bb][\/vc_column][vc_column width=\u00a0\u00bb1\/3&Prime;][vc_single_image image=\u00a0\u00bb354&Prime; img_size=\u00a0\u00bbmedium\u00a0\u00bb onclick=\u00a0\u00bblink_image\u00a0\u00bb][\/vc_column][\/vc_row][vc_row][vc_column][vc_column_text]Etanch\u00e9it\u00e9 EPDM<\/p>\n<p>Montant : 18 500 euros<\/p>\n<p>Chantier : Construction de 10 Logts \u00e9tudiants \u00e0 Lambersart<\/p>\n<p>Maitre d&rsquo;ouvrage: SMENO<\/p>\n<p>Maitre d&rsquo;oeuvre: GBL Architectes[\/vc_column_text][\/vc_column][\/vc_row][vc_row][vc_column width=\u00a0\u00bb1\/3&Prime;][vc_single_image image=\u00a0\u00bb356&Prime; img_size=\u00a0\u00bbmedium\u00a0\u00bb onclick=\u00a0\u00bblink_image\u00a0\u00bb][\/vc_column][vc_column width=\u00a0\u00bb1\/3&Prime;][vc_single_image image=\u00a0\u00bb357&Prime; img_size=\u00a0\u00bbmedium\u00a0\u00bb onclick=\u00a0\u00bblink_image\u00a0\u00bb][\/vc_column][vc_column width=\u00a0\u00bb1\/3&Prime;][vc_single_image image=\u00a0\u00bb359&Prime; img_size=\u00a0\u00bbmedium\u00a0\u00bb onclick=\u00a0\u00bblink_image\u00a0\u00bb][\/vc_column][\/vc_row][vc_row][vc_column][vc_column_text]\u00c9tanch\u00e9it\u00e9 EPDM<\/p>\n<p>Chantier\u00a0: Construction de 15 logements \u00e0 La Chapelle d&rsquo;Armenti\u00e8res<\/p>\n<p>Montant du march\u00e9 : \u00a096 000 euros<\/p>\n<p>Maitre d&rsquo;ouvrage: NOTRE LOGIS<\/p>\n<p>Maitre d&rsquo;oeuvre: Agence DEBROCK Architecte[\/vc_column_text][\/vc_column][\/vc_row][vc_row][vc_column width=\u00a0\u00bb1\/4&Prime;][vc_single_image image=\u00a0\u00bb381&Prime; onclick=\u00a0\u00bblink_image\u00a0\u00bb][\/vc_column][vc_column width=\u00a0\u00bb1\/4&Prime;][vc_single_image image=\u00a0\u00bb382&Prime; onclick=\u00a0\u00bblink_image\u00a0\u00bb][\/vc_column][vc_column width=\u00a0\u00bb1\/4&Prime;][vc_single_image image=\u00a0\u00bb383&Prime; onclick=\u00a0\u00bblink_image\u00a0\u00bb][\/vc_column][vc_column width=\u00a0\u00bb1\/4&Prime;][vc_single_image image=\u00a0\u00bb384&Prime; onclick=\u00a0\u00bblink_image\u00a0\u00bb][\/vc_column][\/vc_row]<\/p>\n","protected":false},"excerpt":{"rendered":"<p>[vc_row][vc_column][vc_column_text]Bardage en zinc \u00e0 joint debout coloris anthracite, toiture v\u00e9g\u00e9talis\u00e9 sur les terrasses Chantier : Ecole maternelle \u00e0 Estaires Montant : &#8230;<\/p>\n","protected":false},"author":1,"featured_media":0,"parent":13,"menu_order":0,"comment_status":"closed","ping_status":"closed","template":"","meta":{"footnotes":""},"_links":{"self":[{"href":"https:\/\/www.groupe-tommasini.com\/dubois-couvertures\/wp-json\/wp\/v2\/pages\/154"}],"collection":[{"href":"https:\/\/www.groupe-tommasini.com\/dubois-couvertures\/wp-json\/wp\/v2\/pages"}],"about":[{"href":"https:\/\/www.groupe-tommasini.com\/dubois-couvertures\/wp-json\/wp\/v2\/types\/page"}],"author":[{"embeddable":true,"href":"https:\/\/www.groupe-tommasini.com\/dubois-couvertures\/wp-json\/wp\/v2\/users\/1"}],"replies":[{"embeddable":true,"href":"https:\/\/www.groupe-tommasini.com\/dubois-couvertures\/wp-json\/wp\/v2\/comments?post=154"}],"version-history":[{"count":8,"href":"https:\/\/www.groupe-tommasini.com\/dubois-couvertures\/wp-json\/wp\/v2\/pages\/154\/revisions"}],"predecessor-version":[{"id":385,"href":"https:\/\/www.groupe-tommasini.com\/dubois-couvertures\/wp-json\/wp\/v2\/pages\/154\/revisions\/385"}],"up":[{"embeddable":true,"href":"https:\/\/www.groupe-tommasini.com\/dubois-couvertures\/wp-json\/wp\/v2\/pages\/13"}],"wp:attachment":[{"href":"https:\/\/www.groupe-tommasini.com\/dubois-couvertures\/wp-json\/wp\/v2\/media?parent=154"}],"curies":[{"name":"wp","href":"https:\/\/api.w.org\/{rel}","templated":true}]}}