{"id":7,"date":"2015-12-18T11:11:06","date_gmt":"2015-12-18T10:11:06","guid":{"rendered":"http:\/\/tommasini.microproxy.fr\/dubois-couvertures\/?page_id=7"},"modified":"2016-05-17T07:45:11","modified_gmt":"2016-05-17T06:45:11","slug":"presentation","status":"publish","type":"page","link":"https:\/\/www.groupe-tommasini.com\/dubois-couvertures\/presentation\/","title":{"rendered":"Pr\u00e9sentation"},"content":{"rendered":"<p>[vc_row][vc_column width=\u00a0\u00bb1\/2&Prime;][\/vc_column][vc_column width=\u00a0\u00bb1\/2&Prime;]\n\t<div class=\"custom-heading wpb_content_element title-quisommenous-dubois\">\n\t\t<h2 class=\"heading-title\"  style=\"color: #4b4b4d;\">QUI SOMMES NOUS ?<\/h2>\n\t\t<span class=\"heading-line \"style=\"background-color: #25842f\"><\/span>\n\t<\/div>[\/vc_column][\/vc_row][vc_row][vc_column width=\u00a0\u00bb1\/2&Prime;][vc_single_image image=\u00a0\u00bb100&Prime; img_size=\u00a0\u00bbfull\u00a0\u00bb][\/vc_column][vc_column width=\u00a0\u00bb1\/2&Prime;][vc_column_text]<b><br \/>\nL&rsquo;exp\u00e9rience d&rsquo;un professionnel de la couverture \u00e0 votre service<br \/>\nEntreprise r\u00e9gionale cr\u00e9\u00e9e en 1948 \u00e0 Estaires, implant\u00e9e \u00e0 Nieppe depuis 20 ans,<br \/>\nla soci\u00e9t\u00e9 Dubois Couvertures d\u00e9veloppe son activit\u00e9 autour des domaines suivants :<\/b><\/p>\n<p>Couverture &#8211; Zinguerie &#8211; Etanch\u00e9it\u00e9 &#8211; Bardage<\/p>\n<p>V\u00e9ritable strat\u00e9gie de l&rsquo;entreprise, la comp\u00e9tence de ses \u00e9quipes dynamiques et form\u00e9es en permanence aux nouvelles technologies,<br \/>\nlui permet de r\u00e9pondre aux march\u00e9s les plus exigeants. La rel\u00e8ve au travers de la formation des jeunes, contrat d&rsquo;apprentissage,<br \/>\ncontrat de professionalisation, mention compl\u00e9mentaire, \u00e9volution des comp\u00e9tences d\u00e9cel\u00e9es&#8230; [\/vc_column_text][\/vc_column][\/vc_row][vc_row][vc_column width=\u00a0\u00bb1\/2&Prime;]\n\t<div class=\"custom-heading wpb_content_element \">\n\t\t<h2 class=\"heading-title\"  style=\"color: #4b4b4d;\">NOTRE STRAT\u00c9GIE<\/h2>\n\t\t<span class=\"heading-line \"style=\"background-color: #25842f\"><\/span>\n\t<\/div>[\/vc_column][vc_column width=\u00a0\u00bb1\/2&Prime;][\/vc_column][\/vc_row][vc_row][vc_column width=\u00a0\u00bb1\/2&Prime;][vc_column_text]&#8230;[\/vc_column_text][\/vc_column][vc_column width=\u00a0\u00bb1\/2&Prime;][\/vc_column][\/vc_row]<\/p>\n","protected":false},"excerpt":{"rendered":"<p>[vc_row][vc_column width=\u00a0\u00bb1\/2&Prime;][\/vc_column][vc_column width=\u00a0\u00bb1\/2&Prime;][\/vc_column][\/vc_row][vc_row][vc_column width=\u00a0\u00bb1\/2&Prime;][vc_single_image image=\u00a0\u00bb100&Prime; img_size=\u00a0\u00bbfull\u00a0\u00bb][\/vc_column][vc_column width=\u00a0\u00bb1\/2&Prime;][vc_column_text] L&rsquo;exp\u00e9rience d&rsquo;un professionnel de la couverture \u00e0 votre service Entreprise r\u00e9gionale cr\u00e9\u00e9e en 1948 &#8230;<\/p>\n","protected":false},"author":1,"featured_media":0,"parent":0,"menu_order":0,"comment_status":"closed","ping_status":"closed","template":"","meta":{"footnotes":""},"_links":{"self":[{"href":"https:\/\/www.groupe-tommasini.com\/dubois-couvertures\/wp-json\/wp\/v2\/pages\/7"}],"collection":[{"href":"https:\/\/www.groupe-tommasini.com\/dubois-couvertures\/wp-json\/wp\/v2\/pages"}],"about":[{"href":"https:\/\/www.groupe-tommasini.com\/dubois-couvertures\/wp-json\/wp\/v2\/types\/page"}],"author":[{"embeddable":true,"href":"https:\/\/www.groupe-tommasini.com\/dubois-couvertures\/wp-json\/wp\/v2\/users\/1"}],"replies":[{"embeddable":true,"href":"https:\/\/www.groupe-tommasini.com\/dubois-couvertures\/wp-json\/wp\/v2\/comments?post=7"}],"version-history":[{"count":9,"href":"https:\/\/www.groupe-tommasini.com\/dubois-couvertures\/wp-json\/wp\/v2\/pages\/7\/revisions"}],"predecessor-version":[{"id":413,"href":"https:\/\/www.groupe-tommasini.com\/dubois-couvertures\/wp-json\/wp\/v2\/pages\/7\/revisions\/413"}],"wp:attachment":[{"href":"https:\/\/www.groupe-tommasini.com\/dubois-couvertures\/wp-json\/wp\/v2\/media?parent=7"}],"curies":[{"name":"wp","href":"https:\/\/api.w.org\/{rel}","templated":true}]}}